{"id":25468,"date":"2024-07-26T03:26:05","date_gmt":"2024-07-26T08:26:05","guid":{"rendered":"https:\/\/isudamericano.com\/edu\/?page_id=25468"},"modified":"2024-07-26T03:31:31","modified_gmt":"2024-07-26T08:31:31","slug":"elementor-25468","status":"publish","type":"page","link":"https:\/\/isudamericano.com\/edu\/elementor-25468\/","title":{"rendered":"Trabaja con nosotros"},"content":{"rendered":"\t\t<div data-elementor-type=\"wp-page\" data-elementor-id=\"25468\" class=\"elementor elementor-25468\" data-elementor-post-type=\"page\">\n\t\t\t\t\t\t<section class=\"elementor-section elementor-top-section elementor-element elementor-element-62fe298 elementor-section-stretched elementor-section-boxed elementor-section-height-default elementor-section-height-default\" data-id=\"62fe298\" data-element_type=\"section\" data-e-type=\"section\" data-settings=\"{&quot;stretch_section&quot;:&quot;section-stretched&quot;}\">\n\t\t\t\t\t\t<div class=\"elementor-container elementor-column-gap-no\">\n\t\t\t\t\t<div class=\"elementor-column elementor-col-50 elementor-top-column elementor-element elementor-element-9850113\" data-id=\"9850113\" data-element_type=\"column\" data-e-type=\"column\">\n\t\t\t<div class=\"elementor-widget-wrap elementor-element-populated\">\n\t\t\t\t\t\t<div class=\"elementor-element elementor-element-4da93723 elementor-widget elementor-widget-image\" data-id=\"4da93723\" data-element_type=\"widget\" data-e-type=\"widget\" data-widget_type=\"image.default\">\n\t\t\t\t<div class=\"elementor-widget-container\">\n\t\t\t\t\t\t\t\t\t\t\t\t\t\t\t<img fetchpriority=\"high\" decoding=\"async\" width=\"587\" height=\"414\" src=\"https:\/\/isudamericano.com\/edu\/wp-content\/uploads\/2024\/07\/president-new.jpg\" class=\"attachment-full size-full wp-image-25470\" alt=\"\" srcset=\"https:\/\/isudamericano.com\/edu\/wp-content\/uploads\/2024\/07\/president-new.jpg 587w, https:\/\/isudamericano.com\/edu\/wp-content\/uploads\/2024\/07\/president-new-360x254.jpg 360w\" sizes=\"(max-width: 587px) 100vw, 587px\" \/>\t\t\t\t\t\t\t\t\t\t\t\t\t\t\t<\/div>\n\t\t\t\t<\/div>\n\t\t\t\t\t<\/div>\n\t\t<\/div>\n\t\t\t\t<div class=\"elementor-column elementor-col-50 elementor-top-column elementor-element elementor-element-41372571\" data-id=\"41372571\" data-element_type=\"column\" data-e-type=\"column\">\n\t\t\t<div class=\"elementor-widget-wrap elementor-element-populated\">\n\t\t\t\t\t\t<div class=\"elementor-element elementor-element-47400c83 elementor-widget__width-initial thim-ekits-heading-text-center elementor-widget thim-ekits-heading elementor-widget-thim-heading\" data-id=\"47400c83\" data-element_type=\"widget\" data-e-type=\"widget\" data-widget_type=\"thim-heading.default\">\n\t\t\t\t<div class=\"elementor-widget-container\">\n\t\t\t\t\t<div class=\"sc_heading text-center\"><h3 class=\"title\"> Trabaja con Nosotros <\/h3><div class=\"sub-heading\"><p>En el ISCP  estamos en constante b\u00fasqueda de talento para unirnos a nuestro equipo. Si eres un profesional apasionado, con ganas de contribuir y crecer en un entorno din\u00e1mico, \u00a1queremos conocerte!<\/p>\n<\/div><span class=\"line\"><\/span><\/div>\t\t\t\t<\/div>\n\t\t\t\t<\/div>\n\t\t\t\t\t<\/div>\n\t\t<\/div>\n\t\t\t\t\t<\/div>\n\t\t<\/section>\n\t\t<div class=\"elementor-element elementor-element-68f84ec e-flex e-con-boxed e-con e-parent\" data-id=\"68f84ec\" data-element_type=\"container\" data-e-type=\"container\">\n\t\t\t\t\t<div class=\"e-con-inner\">\n\t\t\t\t<div class=\"elementor-element elementor-element-eb4bff2 elementor-widget elementor-widget-spacer\" data-id=\"eb4bff2\" data-element_type=\"widget\" data-e-type=\"widget\" data-widget_type=\"spacer.default\">\n\t\t\t\t<div class=\"elementor-widget-container\">\n\t\t\t\t\t\t\t<div class=\"elementor-spacer\">\n\t\t\t<div class=\"elementor-spacer-inner\"><\/div>\n\t\t<\/div>\n\t\t\t\t\t\t<\/div>\n\t\t\t\t<\/div>\n\t\t\t\t\t<\/div>\n\t\t\t\t<\/div>\n\t\t<div class=\"elementor-element elementor-element-e6a434f e-con-full e-flex e-con e-parent\" data-id=\"e6a434f\" data-element_type=\"container\" data-e-type=\"container\">\n\t\t<div class=\"elementor-element elementor-element-c318ed9 e-con-full e-flex e-con e-child\" data-id=\"c318ed9\" data-element_type=\"container\" data-e-type=\"container\">\n\t\t\t\t<\/div>\n\t\t<div class=\"elementor-element elementor-element-0dfc325 e-con-full e-flex e-con e-child\" data-id=\"0dfc325\" data-element_type=\"container\" data-e-type=\"container\">\n\t\t\t\t<\/div>\n\t\t<div class=\"elementor-element elementor-element-6d13134 e-con-full e-flex e-con e-child\" data-id=\"6d13134\" data-element_type=\"container\" data-e-type=\"container\">\n\t\t\t\t<div class=\"elementor-element elementor-element-f08e41c elementor-widget elementor-widget-text-editor\" data-id=\"f08e41c\" data-element_type=\"widget\" data-e-type=\"widget\" data-widget_type=\"text-editor.default\">\n\t\t\t\t<div class=\"elementor-widget-container\">\n\t\t\t\t\t\t\t\t\t<p><strong><span class=\"hljs-section\"> \u00bfC\u00f3mo Postular?<\/span> <\/strong><\/p><p>Para postular a nuestras oportunidades, por favor completa el formulario a continuaci\u00f3n. Aseg\u00farate de adjuntar tu curr\u00edculum vitae y proporcionarnos una descripci\u00f3n detallada de tus habilidades y experiencias.<\/p><p>\u00a0<\/p><p>\u00a0<\/p>\t\t\t\t\t\t\t\t<\/div>\n\t\t\t\t<\/div>\n\t\t\t\t<\/div>\n\t\t\t\t<div class=\"elementor-element elementor-element-88ae7fd elementor-widget__width-auto elementor-widget elementor-widget-thim-ekits-contact-form-7\" data-id=\"88ae7fd\" data-element_type=\"widget\" data-e-type=\"widget\" data-widget_type=\"thim-ekits-contact-form-7.default\">\n\t\t\t\t<div class=\"elementor-widget-container\">\n\t\t\t\t\t\t\t\t<div class=\"thim-ekit-wpcf7\">\n\t\t\t\t\n<div class=\"wpcf7 no-js\" id=\"wpcf7-f25467-o1\" lang=\"es-ES\" dir=\"ltr\" data-wpcf7-id=\"25467\">\n<div class=\"screen-reader-response\"><p role=\"status\" aria-live=\"polite\" aria-atomic=\"true\"><\/p> <ul><\/ul><\/div>\n<form action=\"\/edu\/wp-json\/wp\/v2\/pages\/25468#wpcf7-f25467-o1\" method=\"post\" class=\"wpcf7-form init\" aria-label=\"Formulario de contacto\" enctype=\"multipart\/form-data\" novalidate=\"novalidate\" data-status=\"init\">\n<fieldset class=\"hidden-fields-container\"><input type=\"hidden\" name=\"_wpcf7\" value=\"25467\" \/><input type=\"hidden\" name=\"_wpcf7_version\" value=\"6.1.5\" \/><input type=\"hidden\" name=\"_wpcf7_locale\" value=\"es_ES\" \/><input type=\"hidden\" name=\"_wpcf7_unit_tag\" value=\"wpcf7-f25467-o1\" \/><input type=\"hidden\" name=\"_wpcf7_container_post\" value=\"0\" \/><input type=\"hidden\" name=\"_wpcf7_posted_data_hash\" value=\"\" \/>\n<\/fieldset>\n<p><label> Tu nombre<br \/>\n<span class=\"wpcf7-form-control-wrap\" data-name=\"your-name\"><input size=\"40\" maxlength=\"400\" class=\"wpcf7-form-control wpcf7-text wpcf7-validates-as-required\" autocomplete=\"name\" aria-required=\"true\" aria-invalid=\"false\" value=\"\" type=\"text\" name=\"your-name\" \/><\/span> <\/label>\n<\/p>\n<p><label> Tu correo electr\u00f3nico<br \/>\n<span class=\"wpcf7-form-control-wrap\" data-name=\"your-email\"><input size=\"40\" maxlength=\"400\" class=\"wpcf7-form-control wpcf7-email wpcf7-validates-as-required wpcf7-text wpcf7-validates-as-email\" autocomplete=\"email\" aria-required=\"true\" aria-invalid=\"false\" value=\"\" type=\"email\" name=\"your-email\" \/><\/span> <\/label>\n<\/p>\n<p><label> \u00c1rea de Especialidad:<br \/>\n<span class=\"wpcf7-form-control-wrap\" data-name=\"especialidad\"><select class=\"wpcf7-form-control wpcf7-select wpcf7-validates-as-required\" aria-required=\"true\" aria-invalid=\"false\" name=\"especialidad\"><option value=\"Tecnolog\u00eda\">Tecnolog\u00eda<\/option><option value=\"Salud\">Salud<\/option><option value=\"Educaci\u00f3n\">Educaci\u00f3n<\/option><option value=\"Administraci\u00f3n\">Administraci\u00f3n<\/option><option value=\"Ingenier\u00eda\">Ingenier\u00eda<\/option><option value=\"Otras\">Otras<\/option><\/select><\/span> <\/label>\n<\/p>\n<p><label> Tu mensaje (opcional)<br \/>\n<span class=\"wpcf7-form-control-wrap\" data-name=\"your-message\"><textarea cols=\"40\" rows=\"10\" maxlength=\"2000\" class=\"wpcf7-form-control wpcf7-textarea\" aria-invalid=\"false\" name=\"your-message\"><\/textarea><\/span> <\/label>\n<\/p>\n<p><label> \u00c1rea de Especialidad:<br \/>\nCurr\u00edculum Vitae: <span class=\"wpcf7-form-control-wrap\" data-name=\"cv\"><input size=\"40\" class=\"wpcf7-form-control wpcf7-file wpcf7-validates-as-required\" accept=\"audio\/*,video\/*,image\/*\" aria-required=\"true\" aria-invalid=\"false\" type=\"file\" name=\"cv\" \/><\/span> <\/label>\n<\/p>\n<p><input class=\"wpcf7-form-control wpcf7-submit has-spinner\" type=\"submit\" value=\"Envia Solicitud\" \/>\n<\/p><div class=\"wpcf7-response-output\" aria-hidden=\"true\"><\/div>\n<\/form>\n<\/div>\n\t\t\t<\/div>\n\t\t\t\t\t\t<\/div>\n\t\t\t\t<\/div>\n\t\t\t\t<\/div>\n\t\t\t\t<\/div>\n\t\t","protected":false},"excerpt":{"rendered":"<p>Trabaja con Nosotros En el ISCP estamos en constante b\u00fasqueda de talento para unirnos a nuestro equipo. Si eres un profesional apasionado, con ganas de contribuir y crecer en un entorno din\u00e1mico, \u00a1queremos conocerte! \u00bfC\u00f3mo Postular? Para postular a nuestras &hellip; <\/p>\n","protected":false},"author":1,"featured_media":0,"parent":0,"menu_order":0,"comment_status":"closed","ping_status":"closed","template":"","meta":{"_joinchat":[],"footnotes":""},"class_list":["post-25468","page","type-page","status-publish","hentry"],"_links":{"self":[{"href":"https:\/\/isudamericano.com\/edu\/wp-json\/wp\/v2\/pages\/25468","targetHints":{"allow":["GET"]}}],"collection":[{"href":"https:\/\/isudamericano.com\/edu\/wp-json\/wp\/v2\/pages"}],"about":[{"href":"https:\/\/isudamericano.com\/edu\/wp-json\/wp\/v2\/types\/page"}],"author":[{"embeddable":true,"href":"https:\/\/isudamericano.com\/edu\/wp-json\/wp\/v2\/users\/1"}],"replies":[{"embeddable":true,"href":"https:\/\/isudamericano.com\/edu\/wp-json\/wp\/v2\/comments?post=25468"}],"version-history":[{"count":6,"href":"https:\/\/isudamericano.com\/edu\/wp-json\/wp\/v2\/pages\/25468\/revisions"}],"predecessor-version":[{"id":25566,"href":"https:\/\/isudamericano.com\/edu\/wp-json\/wp\/v2\/pages\/25468\/revisions\/25566"}],"wp:attachment":[{"href":"https:\/\/isudamericano.com\/edu\/wp-json\/wp\/v2\/media?parent=25468"}],"curies":[{"name":"wp","href":"https:\/\/api.w.org\/{rel}","templated":true}]}}